{"id":59289,"date":"2023-01-31T12:01:03","date_gmt":"2023-01-31T12:01:03","guid":{"rendered":"https:\/\/www.keyter.com\/belair\/"},"modified":"2025-05-09T10:49:02","modified_gmt":"2025-05-09T10:49:02","slug":"belair","status":"publish","type":"page","link":"https:\/\/www.keyter.com\/de\/belair\/","title":{"rendered":"Belair"},"content":{"rendered":"\t\t<div data-elementor-type=\"wp-page\" data-elementor-id=\"59289\" class=\"elementor elementor-59289 elementor-23221\" data-elementor-post-type=\"page\">\n\t\t\t\t\t\t<section class=\"elementor-section elementor-top-section elementor-element elementor-element-b6b465d elementor-section-stretched elementor-section-boxed elementor-section-height-default elementor-section-height-default parallax_section_no qode_elementor_container_no\" data-id=\"b6b465d\" data-element_type=\"section\" data-e-type=\"section\" data-settings=\"{&quot;stretch_section&quot;:&quot;section-stretched&quot;}\">\n\t\t\t\t\t\t<div class=\"elementor-container elementor-column-gap-default\">\n\t\t\t\t\t<div class=\"elementor-column elementor-col-100 elementor-top-column elementor-element elementor-element-057a5c3\" data-id=\"057a5c3\" data-element_type=\"column\" data-e-type=\"column\">\n\t\t\t<div class=\"elementor-widget-wrap elementor-element-populated\">\n\t\t\t\t\t\t<div class=\"elementor-element elementor-element-5b9e73d elementor-widget elementor-widget-menu-anchor\" data-id=\"5b9e73d\" data-element_type=\"widget\" data-e-type=\"widget\" data-widget_type=\"menu-anchor.default\">\n\t\t\t\t<div class=\"elementor-widget-container\">\n\t\t\t\t\t\t\t<div class=\"elementor-menu-anchor\" id=\"content\"><\/div>\n\t\t\t\t\t\t<\/div>\n\t\t\t\t<\/div>\n\t\t\t\t\t<\/div>\n\t\t<\/div>\n\t\t\t\t\t<\/div>\n\t\t<\/section>\n\t\t\t\t<section class=\"elementor-section elementor-top-section elementor-element elementor-element-4f12888 elementor-section-boxed elementor-section-height-default elementor-section-height-default parallax_section_no qode_elementor_container_no\" data-id=\"4f12888\" data-element_type=\"section\" data-e-type=\"section\">\n\t\t\t\t\t\t<div class=\"elementor-container elementor-column-gap-default\">\n\t\t\t\t\t<div class=\"elementor-column elementor-col-100 elementor-top-column elementor-element elementor-element-4285ecb\" data-id=\"4285ecb\" data-element_type=\"column\" data-e-type=\"column\">\n\t\t\t<div class=\"elementor-widget-wrap elementor-element-populated\">\n\t\t\t\t\t\t<div class=\"elementor-element elementor-element-604b52d elementor-widget elementor-widget-text-editor\" data-id=\"604b52d\" data-element_type=\"widget\" data-e-type=\"widget\" data-widget_type=\"text-editor.default\">\n\t\t\t\t<div class=\"elementor-widget-container\">\n\t\t\t\t\t\t\t\t\t<h1 style=\"font-size: 14px; color: #999; font-weight: 300;\"><a href=\"https:\/\/www.keyter.com\/de\/luftaufbereitungsanlagen-und-endgeraete\/\">RLT-Ger\u00e4te &amp; TERMINAL UNITS<\/a> &#8211; BELAIR<\/h1>\n\t\t\t\t\t\t\t\t<\/div>\n\t\t\t\t<\/div>\n\t\t\t\t\t<\/div>\n\t\t<\/div>\n\t\t\t\t\t<\/div>\n\t\t<\/section>\n\t\t\t\t<section class=\"elementor-section elementor-top-section elementor-element elementor-element-5919083 elementor-section-stretched elementor-section-boxed elementor-section-height-default elementor-section-height-default parallax_section_no qode_elementor_container_no\" data-id=\"5919083\" data-element_type=\"section\" data-e-type=\"section\" data-settings=\"{&quot;stretch_section&quot;:&quot;section-stretched&quot;}\">\n\t\t\t\t\t\t<div class=\"elementor-container elementor-column-gap-default\">\n\t\t\t\t\t<div class=\"elementor-column elementor-col-50 elementor-top-column elementor-element elementor-element-97abdc4\" data-id=\"97abdc4\" data-element_type=\"column\" data-e-type=\"column\" data-settings=\"{&quot;background_background&quot;:&quot;classic&quot;}\">\n\t\t\t<div class=\"elementor-widget-wrap elementor-element-populated\">\n\t\t\t\t\t\t<div class=\"elementor-element elementor-element-7697237 elementor-hidden-tablet elementor-hidden-mobile elementor-widget elementor-widget-image\" data-id=\"7697237\" data-element_type=\"widget\" data-e-type=\"widget\" data-widget_type=\"image.default\">\n\t\t\t\t<div class=\"elementor-widget-container\">\n\t\t\t\t\t\t\t\t\t\t\t\t\t\t\t<img fetchpriority=\"high\" decoding=\"async\" width=\"600\" height=\"432\" src=\"https:\/\/www.keyter.com\/wp-content\/uploads\/2021\/01\/belair-1-600x432-1.jpg\" class=\"attachment-full size-full wp-image-56508\" alt=\"\" srcset=\"https:\/\/www.keyter.com\/wp-content\/uploads\/2021\/01\/belair-1-600x432-1.jpg 600w, https:\/\/www.keyter.com\/wp-content\/uploads\/2021\/01\/belair-1-600x432-1-300x216.jpg 300w\" sizes=\"(max-width: 600px) 100vw, 600px\" \/>\t\t\t\t\t\t\t\t\t\t\t\t\t\t\t<\/div>\n\t\t\t\t<\/div>\n\t\t\t\t<div class=\"elementor-element elementor-element-3120b1a elementor-hidden-desktop elementor-widget elementor-widget-image\" data-id=\"3120b1a\" data-element_type=\"widget\" data-e-type=\"widget\" data-widget_type=\"image.default\">\n\t\t\t\t<div class=\"elementor-widget-container\">\n\t\t\t\t\t\t\t\t\t\t\t\t\t\t\t<img fetchpriority=\"high\" decoding=\"async\" width=\"600\" height=\"432\" src=\"https:\/\/www.keyter.com\/wp-content\/uploads\/2021\/01\/belair-1-600x432-1.jpg\" class=\"attachment-full size-full wp-image-56508\" alt=\"\" srcset=\"https:\/\/www.keyter.com\/wp-content\/uploads\/2021\/01\/belair-1-600x432-1.jpg 600w, https:\/\/www.keyter.com\/wp-content\/uploads\/2021\/01\/belair-1-600x432-1-300x216.jpg 300w\" sizes=\"(max-width: 600px) 100vw, 600px\" \/>\t\t\t\t\t\t\t\t\t\t\t\t\t\t\t<\/div>\n\t\t\t\t<\/div>\n\t\t\t\t\t<\/div>\n\t\t<\/div>\n\t\t\t\t<div class=\"elementor-column elementor-col-50 elementor-top-column elementor-element elementor-element-170308a\" data-id=\"170308a\" data-element_type=\"column\" data-e-type=\"column\">\n\t\t\t<div class=\"elementor-widget-wrap elementor-element-populated\">\n\t\t\t\t\t\t<div class=\"elementor-element elementor-element-d1e049e elementor-widget elementor-widget-text-editor\" data-id=\"d1e049e\" data-element_type=\"widget\" data-e-type=\"widget\" data-widget_type=\"text-editor.default\">\n\t\t\t\t<div class=\"elementor-widget-container\">\n\t\t\t\t\t\t\t\t\t<div style=\"display: flex; align-items: center;\"><img decoding=\"async\" style=\"width: 12px; margin-right: 13px; margin-left: 22px;\" src=\"\/wp-content\/uploads\/2025\/02\/UTAs_cabecera_v2.png\" \/>\r\n<span style=\"font-size: 45px; line-height: 1; font-family: 'Segoe UI Semibold',sans-serif; color: #003e70; font-weight: normal; font-style: italic; margin-top: -11px;\">belair<\/span><\/div>\t\t\t\t\t\t\t\t<\/div>\n\t\t\t\t<\/div>\n\t\t\t\t<div class=\"elementor-element elementor-element-134833a elementor-widget elementor-widget-text-editor\" data-id=\"134833a\" data-element_type=\"widget\" data-e-type=\"widget\" data-widget_type=\"text-editor.default\">\n\t\t\t\t<div class=\"elementor-widget-container\">\n\t\t\t\t\t\t\t\t\t<p><span style=\"color: #888; font-size: 18px;\">Luftgek\u00fchlte Fl\u00fcssigkeitsk\u00fchler<\/span><\/p>\n\t\t\t\t\t\t\t\t<\/div>\n\t\t\t\t<\/div>\n\t\t\t\t<div class=\"elementor-element elementor-element-de9f6a3 elementor-widget elementor-widget-text-editor\" data-id=\"de9f6a3\" data-element_type=\"widget\" data-e-type=\"widget\" data-widget_type=\"text-editor.default\">\n\t\t\t\t<div class=\"elementor-widget-container\">\n\t\t\t\t\t\t\t\t\t<div style=\"margin-top: 14px;\"><img decoding=\"async\" class=\"\" role=\"img\" src=\"https:\/\/www.keyter.com\/wp-content\/uploads\/2023\/05\/CoolKeyter.png\" width=\"22\" height=\"26\" \/> \u00a0 <span style=\"color: #009ee3; font-family: 'Segoe UI Semibold', sans-serif; font-size: 24px; font-weight: var( --e-global-typography-text-font-weight );\">51-847 kW<\/span><span style=\"font-weight: var( --e-global-typography-text-font-weight ); color: #b60d0c; font-family: 'Segoe UI Semibold', sans-serif; font-size: 24px;\">\u00a0 \u00a0 \u00a0 \u00a0 \u00a0 \u00a0 \u00a0 \u00a0 \u00a0 \u00a0 \u00a0 <\/span><img decoding=\"async\" role=\"img\" src=\"https:\/\/www.keyter.com\/wp-content\/uploads\/2023\/05\/Barra-Frio.png\" alt=\"\" width=\"320\" height=\"8\" \/><\/div>\n\t\t\t\t\t\t\t\t<\/div>\n\t\t\t\t<\/div>\n\t\t\t\t\t<\/div>\n\t\t<\/div>\n\t\t\t\t\t<\/div>\n\t\t<\/section>\n\t\t\t\t<section class=\"elementor-section elementor-top-section elementor-element elementor-element-272d6d3 elementor-section-stretched elementor-section-boxed elementor-section-height-default elementor-section-height-default parallax_section_no qode_elementor_container_no\" data-id=\"272d6d3\" data-element_type=\"section\" data-e-type=\"section\" data-settings=\"{&quot;stretch_section&quot;:&quot;section-stretched&quot;}\">\n\t\t\t\t\t\t<div class=\"elementor-container elementor-column-gap-default\">\n\t\t\t\t\t<div class=\"elementor-column elementor-col-100 elementor-top-column elementor-element elementor-element-dfe2f06\" data-id=\"dfe2f06\" data-element_type=\"column\" data-e-type=\"column\" data-settings=\"{&quot;background_background&quot;:&quot;classic&quot;}\">\n\t\t\t<div class=\"elementor-widget-wrap elementor-element-populated\">\n\t\t\t\t\t\t<div class=\"elementor-element elementor-element-58e2ad4 elementor-tabs-view-horizontal elementor-widget elementor-widget-tabs\" data-id=\"58e2ad4\" data-element_type=\"widget\" data-e-type=\"widget\" data-widget_type=\"tabs.default\">\n\t\t\t\t<div class=\"elementor-widget-container\">\n\t\t\t\t\t\t\t<div class=\"elementor-tabs\">\n\t\t\t<div class=\"elementor-tabs-wrapper\" role=\"tablist\" >\n\t\t\t\t\t\t\t\t\t<div id=\"elementor-tab-title-9321\" class=\"elementor-tab-title elementor-tab-desktop-title\" aria-selected=\"true\" data-tab=\"1\" role=\"tab\" tabindex=\"0\" aria-controls=\"elementor-tab-content-9321\" aria-expanded=\"false\">Dokumentation<\/div>\n\t\t\t\t\t\t\t<\/div>\n\t\t\t<div class=\"elementor-tabs-content-wrapper\" role=\"tablist\" aria-orientation=\"vertical\">\n\t\t\t\t\t\t\t\t\t<div class=\"elementor-tab-title elementor-tab-mobile-title\" aria-selected=\"true\" data-tab=\"1\" role=\"tab\" tabindex=\"0\" aria-controls=\"elementor-tab-content-9321\" aria-expanded=\"false\">Dokumentation<\/div>\n\t\t\t\t\t<div id=\"elementor-tab-content-9321\" class=\"elementor-tab-content elementor-clearfix\" data-tab=\"1\" role=\"tabpanel\" aria-labelledby=\"elementor-tab-title-9321\" tabindex=\"0\" hidden=\"false\"><div class=\"elementor-row elementor-container\">\n<div class=\"elementor-column elementor-col-50 elementor-top-column elementor-element\" data-element_type=\"column\">\n<div style=\"display: block; margin-left: auto; margin-right: auto; color: #222; font-size: 26px; line-height: 1.6;\">\n            Commercial documentation<br \/>\n            <a target=\"_blank\" style=\"font-size: 17px;\" href=\"https:\/\/78e60771.flowpaper.com\/DEBelairKEYTER\/\"><br \/>\n                <img decoding=\"async\" class=\"elementor-animation-float\" style=\"height: 296px; border: 1px solid #bbb; box-shadow: 1px 1px 5px 5px #ccc; margin-top: 10px\" src=\"https:\/\/www.keyter.com\/wp-content\/uploads\/2025\/02\/EN-BELAIR-KEYTER-LOW-V1.jpg\" alt=\"BELAIR\" width=\"209px\" \/><br \/>\n            <\/a><\/p>\n<div style=\"font-size: 17px; display: inline-block;\">Available languages:<\/div>\n<table style=\"margin-top: 0px; border-spacing: 0px; padding: 0px; margin: 0px; border-collapse: collapse; height: 20px !important;\">\n<tr>\n<td style=\"text-align: center; width: 24px; height: 20px; padding: 0px;\">\n                        <a target=\"_blank\" style=\"font-size: 17px;\" href=\"https:\/\/78e60771.flowpaper.com\/ENBelairKEYTER\/\"><img decoding=\"async\" style=\"width: 20px; height: 14px; margin: 0px; padding: 0px;\" src=\"https:\/\/www.keyter.com\/wp-content\/plugins\/sitepress-multilingual-cms\/res\/flags\/en.png\" alt=\"EN Lang.\" \/><br \/>\n                        <\/a>\n                    <\/td>\n<td style=\"text-align: center; width: 24px; height: 20px; padding: 0px;\">\n                        <a target=\"_blank\" style=\"font-size: 17px;\" href=\"https:\/\/78e60771.flowpaper.com\/ESBelairKEYTER\/\"><img decoding=\"async\" style=\"width: 20px; height: 14px; margin: 0px; padding: 0px;\" src=\"https:\/\/www.keyter.com\/wp-content\/plugins\/sitepress-multilingual-cms\/res\/flags\/es.png\" alt=\"ES Lang.\" \/><br \/>\n                        <\/a>\n                    <\/td>\n<td style=\"text-align: center; width: 24px; height: 20px; padding: 0px;\">\n                        <a target=\"_blank\" style=\"font-size: 17px;\" href=\"https:\/\/78e60771.flowpaper.com\/FRBelairKEYTER\/\"><img decoding=\"async\" style=\"width: 20px; height: 14px; margin: 0px; padding: 0px;\" src=\"https:\/\/www.keyter.com\/wp-content\/plugins\/sitepress-multilingual-cms\/res\/flags\/fr.png\" alt=\"FR Lang.\" \/><br \/>\n                        <\/a>\n                    <\/td>\n<td style=\"text-align: center; width: 24px; height: 20px; padding: 0px;\">\n                        <a target=\"_blank\" style=\"font-size: 17px;\" href=\"https:\/\/78e60771.flowpaper.com\/ITBelairKEYTER\/\"><img decoding=\"async\" style=\"width: 20px; height: 14px; margin: 0px; padding: 0px;\" src=\"https:\/\/www.keyter.com\/wp-content\/plugins\/sitepress-multilingual-cms\/res\/flags\/it.png\" alt=\"IT Lang.\" \/><br \/>\n                        <\/a>\n                    <\/td>\n<td style=\"text-align: center; width: 24px; height: 20px; padding: 0px;\">\n                        <a target=\"_blank\" style=\"font-size: 17px;\" href=\"https:\/\/78e60771.flowpaper.com\/DEBelairKEYTER\/\"><img decoding=\"async\" style=\"width: 20px; height: 14px; margin: 0px; padding: 0px;\" src=\"https:\/\/www.keyter.com\/wp-content\/plugins\/sitepress-multilingual-cms\/res\/flags\/de.png\" alt=\"DE Lang.\" \/><br \/>\n                        <\/a>\n                    <\/td>\n<\/tr>\n<\/table><\/div>\n<\/p><\/div>\n<div class=\"elementor-column elementor-col-50 elementor-top-column elementor-element\" data-element_type=\"column\">\n<div style=\"color: #222; font-size: 26px; line-height: 1.6;\">\n            Ecodesign<br \/>\n            <a target=\"_blank\" style=\"font-size: 17px;\" href=\"https:\/\/drive.google.com\/file\/d\/1U701oAtXuqsaZ8HyeaAYL1VHSC9Cf2VL\/view?usp=sharing\">\u25b8 Ecodesign Manual COMFORT<\/a><br \/>\n            <a target=\"_blank\" style=\"font-size: 17px;\" href=\"https:\/\/drive.google.com\/file\/d\/1quR_z_E6Ysu4POTiRAnN2MvvaMEFK_Qt\/view?usp=sharing\">\u25b8 Ecodesign Manual PROCESS<\/a>\n        <\/div>\n<\/p><\/div>\n<\/div>\n<\/div>\n\t\t\t\t\t\t\t<\/div>\n\t\t<\/div>\n\t\t\t\t\t\t<\/div>\n\t\t\t\t<\/div>\n\t\t\t\t<div class=\"elementor-element elementor-element-33e5376 elementor-widget elementor-widget-spacer\" data-id=\"33e5376\" data-element_type=\"widget\" data-e-type=\"widget\" data-widget_type=\"spacer.default\">\n\t\t\t\t<div class=\"elementor-widget-container\">\n\t\t\t\t\t\t\t<div class=\"elementor-spacer\">\n\t\t\t<div class=\"elementor-spacer-inner\"><\/div>\n\t\t<\/div>\n\t\t\t\t\t\t<\/div>\n\t\t\t\t<\/div>\n\t\t\t\t\t<\/div>\n\t\t<\/div>\n\t\t\t\t\t<\/div>\n\t\t<\/section>\n\t\t\t\t<section class=\"elementor-section elementor-top-section elementor-element elementor-element-65965df elementor-section-full_width elementor-section-height-min-height elementor-section-stretched elementor-section-height-default elementor-section-items-middle parallax_section_no qode_elementor_container_no\" data-id=\"65965df\" data-element_type=\"section\" data-e-type=\"section\" data-settings=\"{&quot;background_background&quot;:&quot;classic&quot;,&quot;stretch_section&quot;:&quot;section-stretched&quot;}\">\n\t\t\t\t\t\t\t<div class=\"elementor-background-overlay\"><\/div>\n\t\t\t\t\t\t\t<div class=\"elementor-container elementor-column-gap-default\">\n\t\t\t\t\t<div class=\"elementor-column elementor-col-100 elementor-top-column elementor-element elementor-element-0e851fd\" data-id=\"0e851fd\" data-element_type=\"column\" data-e-type=\"column\">\n\t\t\t<div class=\"elementor-widget-wrap elementor-element-populated\">\n\t\t\t\t\t\t<div class=\"elementor-element elementor-element-6451279 elementor-widget elementor-widget-text-editor\" data-id=\"6451279\" data-element_type=\"widget\" data-e-type=\"widget\" data-widget_type=\"text-editor.default\">\n\t\t\t\t<div class=\"elementor-widget-container\">\n\t\t\t\t\t\t\t\t\t<p>KONTAKTIEREN SIE UNS<\/p>\n\t\t\t\t\t\t\t\t<\/div>\n\t\t\t\t<\/div>\n\t\t\t\t<div class=\"elementor-element elementor-element-f39ad26 elementor-widget elementor-widget-heading\" data-id=\"f39ad26\" data-element_type=\"widget\" data-e-type=\"widget\" data-widget_type=\"heading.default\">\n\t\t\t\t<div class=\"elementor-widget-container\">\n\t\t\t\t\t<p class=\"elementor-heading-title elementor-size-default\">Wie k\u00f6nnen wir Ihnen helfen?<\/p>\t\t\t\t<\/div>\n\t\t\t\t<\/div>\n\t\t\t\t<div class=\"elementor-element elementor-element-64f93de elementor-widget elementor-widget-text-editor\" data-id=\"64f93de\" data-element_type=\"widget\" data-e-type=\"widget\" data-widget_type=\"text-editor.default\">\n\t\t\t\t<div class=\"elementor-widget-container\">\n\t\t\t\t\t\t\t\t\t<p>Sind Sie auf der Suche nach (ma\u00dfgeschneiderten) HVAC+R L\u00f6sungen oder haben Sie Fragen?<\/p>\n<p>Z\u00f6gern Sie nicht, uns zu kontaktieren.<\/p>\n\t\t\t\t\t\t\t\t<\/div>\n\t\t\t\t<\/div>\n\t\t\t\t<div class=\"elementor-element elementor-element-b0d62c4 elementor-align-center elementor-widget elementor-widget-button\" data-id=\"b0d62c4\" data-element_type=\"widget\" data-e-type=\"widget\" data-widget_type=\"button.default\">\n\t\t\t\t<div class=\"elementor-widget-container\">\n\t\t\t\t\t\t\t\t\t<div class=\"elementor-button-wrapper\">\n\t\t\t\t\t<a class=\"elementor-button elementor-button-link elementor-size-sm\" href=\"https:\/\/www.keyter.com\/de\/kontakt\/#form\">\n\t\t\t\t\t\t<span class=\"elementor-button-content-wrapper\">\n\t\t\t\t\t\t<span class=\"elementor-button-icon\">\n\t\t\t\t<i aria-hidden=\"true\" class=\"fas fa-arrow-circle-right\"><\/i>\t\t\t<\/span>\n\t\t\t\t\t\t\t\t\t<span class=\"elementor-button-text\">KONTAKT<\/span>\n\t\t\t\t\t<\/span>\n\t\t\t\t\t<\/a>\n\t\t\t\t<\/div>\n\t\t\t\t\t\t\t\t<\/div>\n\t\t\t\t<\/div>\n\t\t\t\t\t<\/div>\n\t\t<\/div>\n\t\t\t\t\t<\/div>\n\t\t<\/section>\n\t\t\t\t<\/div>\n\t\t","protected":false},"excerpt":{"rendered":"<p>RLT-Ger\u00e4te &amp; TERMINAL UNITS &#8211; BELAIR belair Luftgek\u00fchlte Fl\u00fcssigkeitsk\u00fchler \u00a0 51-847 kW\u00a0 \u00a0 \u00a0 \u00a0 \u00a0 \u00a0 \u00a0 \u00a0 \u00a0 \u00a0 \u00a0 Dokumentation Dokumentation Commercial documentation Available languages: Ecodesign \u25b8 Ecodesign Manual COMFORT \u25b8 Ecodesign Manual PROCESS KONTAKTIEREN SIE UNS Wie k\u00f6nnen wir Ihnen helfen?&#8230;<\/p>\n","protected":false},"author":1,"featured_media":0,"parent":0,"menu_order":0,"comment_status":"open","ping_status":"open","template":"","meta":{"content-type":"","inline_featured_image":false,"footnotes":""},"class_list":["post-59289","page","type-page","status-publish","hentry"],"yoast_head":"<!-- This site is optimized with the Yoast SEO plugin v27.6 - https:\/\/yoast.com\/product\/yoast-seo-wordpress\/ -->\n<title>Belair - Keyter<\/title>\n<meta name=\"robots\" content=\"index, follow, max-snippet:-1, max-image-preview:large, max-video-preview:-1\" \/>\n<link rel=\"canonical\" href=\"https:\/\/www.keyter.com\/de\/belair\/\" \/>\n<meta property=\"og:locale\" content=\"de_DE\" \/>\n<meta property=\"og:type\" content=\"article\" \/>\n<meta property=\"og:title\" content=\"Belair - Keyter\" \/>\n<meta property=\"og:description\" content=\"RLT-Ger\u00e4te &amp; TERMINAL UNITS &#8211; BELAIR belair Luftgek\u00fchlte Fl\u00fcssigkeitsk\u00fchler \u00a0 51-847 kW\u00a0 \u00a0 \u00a0 \u00a0 \u00a0 \u00a0 \u00a0 \u00a0 \u00a0 \u00a0 \u00a0 Dokumentation Dokumentation Commercial documentation Available languages: Ecodesign \u25b8 Ecodesign Manual COMFORT \u25b8 Ecodesign Manual PROCESS KONTAKTIEREN SIE UNS Wie k\u00f6nnen wir Ihnen helfen?...\" \/>\n<meta property=\"og:url\" content=\"https:\/\/www.keyter.com\/de\/belair\/\" \/>\n<meta property=\"og:site_name\" content=\"Keyter\" \/>\n<meta property=\"article:modified_time\" content=\"2025-05-09T10:49:02+00:00\" \/>\n<meta property=\"og:image\" content=\"https:\/\/www.keyter.com\/wp-content\/uploads\/2021\/01\/belair-1-600x432-1.jpg\" \/>\n<meta name=\"twitter:card\" content=\"summary_large_image\" \/>\n<script type=\"application\/ld+json\" class=\"yoast-schema-graph\">{\"@context\":\"https:\\\/\\\/schema.org\",\"@graph\":[{\"@type\":\"WebPage\",\"@id\":\"https:\\\/\\\/www.keyter.com\\\/de\\\/belair\\\/\",\"url\":\"https:\\\/\\\/www.keyter.com\\\/de\\\/belair\\\/\",\"name\":\"Belair - Keyter\",\"isPartOf\":{\"@id\":\"https:\\\/\\\/www.keyter.com\\\/de\\\/#website\"},\"primaryImageOfPage\":{\"@id\":\"https:\\\/\\\/www.keyter.com\\\/de\\\/belair\\\/#primaryimage\"},\"image\":{\"@id\":\"https:\\\/\\\/www.keyter.com\\\/de\\\/belair\\\/#primaryimage\"},\"thumbnailUrl\":\"https:\\\/\\\/www.keyter.com\\\/wp-content\\\/uploads\\\/2021\\\/01\\\/belair-1-600x432-1.jpg\",\"datePublished\":\"2023-01-31T12:01:03+00:00\",\"dateModified\":\"2025-05-09T10:49:02+00:00\",\"breadcrumb\":{\"@id\":\"https:\\\/\\\/www.keyter.com\\\/de\\\/belair\\\/#breadcrumb\"},\"inLanguage\":\"de\",\"potentialAction\":[{\"@type\":\"ReadAction\",\"target\":[\"https:\\\/\\\/www.keyter.com\\\/de\\\/belair\\\/\"]}]},{\"@type\":\"ImageObject\",\"inLanguage\":\"de\",\"@id\":\"https:\\\/\\\/www.keyter.com\\\/de\\\/belair\\\/#primaryimage\",\"url\":\"https:\\\/\\\/www.keyter.com\\\/wp-content\\\/uploads\\\/2021\\\/01\\\/belair-1-600x432-1.jpg\",\"contentUrl\":\"https:\\\/\\\/www.keyter.com\\\/wp-content\\\/uploads\\\/2021\\\/01\\\/belair-1-600x432-1.jpg\"},{\"@type\":\"BreadcrumbList\",\"@id\":\"https:\\\/\\\/www.keyter.com\\\/de\\\/belair\\\/#breadcrumb\",\"itemListElement\":[{\"@type\":\"ListItem\",\"position\":1,\"name\":\"Home\",\"item\":\"https:\\\/\\\/www.keyter.com\\\/de\\\/\"},{\"@type\":\"ListItem\",\"position\":2,\"name\":\"Belair\"}]},{\"@type\":\"WebSite\",\"@id\":\"https:\\\/\\\/www.keyter.com\\\/de\\\/#website\",\"url\":\"https:\\\/\\\/www.keyter.com\\\/de\\\/\",\"name\":\"Keyter\",\"description\":\"Leading thermodynamic technologies\",\"potentialAction\":[{\"@type\":\"SearchAction\",\"target\":{\"@type\":\"EntryPoint\",\"urlTemplate\":\"https:\\\/\\\/www.keyter.com\\\/de\\\/?s={search_term_string}\"},\"query-input\":{\"@type\":\"PropertyValueSpecification\",\"valueRequired\":true,\"valueName\":\"search_term_string\"}}],\"inLanguage\":\"de\"}]}<\/script>\n<!-- \/ Yoast SEO plugin. -->","yoast_head_json":{"title":"Belair - Keyter","robots":{"index":"index","follow":"follow","max-snippet":"max-snippet:-1","max-image-preview":"max-image-preview:large","max-video-preview":"max-video-preview:-1"},"canonical":"https:\/\/www.keyter.com\/de\/belair\/","og_locale":"de_DE","og_type":"article","og_title":"Belair - Keyter","og_description":"RLT-Ger\u00e4te &amp; TERMINAL UNITS &#8211; BELAIR belair Luftgek\u00fchlte Fl\u00fcssigkeitsk\u00fchler \u00a0 51-847 kW\u00a0 \u00a0 \u00a0 \u00a0 \u00a0 \u00a0 \u00a0 \u00a0 \u00a0 \u00a0 \u00a0 Dokumentation Dokumentation Commercial documentation Available languages: Ecodesign \u25b8 Ecodesign Manual COMFORT \u25b8 Ecodesign Manual PROCESS KONTAKTIEREN SIE UNS Wie k\u00f6nnen wir Ihnen helfen?...","og_url":"https:\/\/www.keyter.com\/de\/belair\/","og_site_name":"Keyter","article_modified_time":"2025-05-09T10:49:02+00:00","og_image":[{"url":"https:\/\/www.keyter.com\/wp-content\/uploads\/2021\/01\/belair-1-600x432-1.jpg","type":"","width":"","height":""}],"twitter_card":"summary_large_image","schema":{"@context":"https:\/\/schema.org","@graph":[{"@type":"WebPage","@id":"https:\/\/www.keyter.com\/de\/belair\/","url":"https:\/\/www.keyter.com\/de\/belair\/","name":"Belair - Keyter","isPartOf":{"@id":"https:\/\/www.keyter.com\/de\/#website"},"primaryImageOfPage":{"@id":"https:\/\/www.keyter.com\/de\/belair\/#primaryimage"},"image":{"@id":"https:\/\/www.keyter.com\/de\/belair\/#primaryimage"},"thumbnailUrl":"https:\/\/www.keyter.com\/wp-content\/uploads\/2021\/01\/belair-1-600x432-1.jpg","datePublished":"2023-01-31T12:01:03+00:00","dateModified":"2025-05-09T10:49:02+00:00","breadcrumb":{"@id":"https:\/\/www.keyter.com\/de\/belair\/#breadcrumb"},"inLanguage":"de","potentialAction":[{"@type":"ReadAction","target":["https:\/\/www.keyter.com\/de\/belair\/"]}]},{"@type":"ImageObject","inLanguage":"de","@id":"https:\/\/www.keyter.com\/de\/belair\/#primaryimage","url":"https:\/\/www.keyter.com\/wp-content\/uploads\/2021\/01\/belair-1-600x432-1.jpg","contentUrl":"https:\/\/www.keyter.com\/wp-content\/uploads\/2021\/01\/belair-1-600x432-1.jpg"},{"@type":"BreadcrumbList","@id":"https:\/\/www.keyter.com\/de\/belair\/#breadcrumb","itemListElement":[{"@type":"ListItem","position":1,"name":"Home","item":"https:\/\/www.keyter.com\/de\/"},{"@type":"ListItem","position":2,"name":"Belair"}]},{"@type":"WebSite","@id":"https:\/\/www.keyter.com\/de\/#website","url":"https:\/\/www.keyter.com\/de\/","name":"Keyter","description":"Leading thermodynamic technologies","potentialAction":[{"@type":"SearchAction","target":{"@type":"EntryPoint","urlTemplate":"https:\/\/www.keyter.com\/de\/?s={search_term_string}"},"query-input":{"@type":"PropertyValueSpecification","valueRequired":true,"valueName":"search_term_string"}}],"inLanguage":"de"}]}},"_links":{"self":[{"href":"https:\/\/www.keyter.com\/de\/wp-json\/wp\/v2\/pages\/59289","targetHints":{"allow":["GET"]}}],"collection":[{"href":"https:\/\/www.keyter.com\/de\/wp-json\/wp\/v2\/pages"}],"about":[{"href":"https:\/\/www.keyter.com\/de\/wp-json\/wp\/v2\/types\/page"}],"author":[{"embeddable":true,"href":"https:\/\/www.keyter.com\/de\/wp-json\/wp\/v2\/users\/1"}],"replies":[{"embeddable":true,"href":"https:\/\/www.keyter.com\/de\/wp-json\/wp\/v2\/comments?post=59289"}],"version-history":[{"count":4,"href":"https:\/\/www.keyter.com\/de\/wp-json\/wp\/v2\/pages\/59289\/revisions"}],"predecessor-version":[{"id":84234,"href":"https:\/\/www.keyter.com\/de\/wp-json\/wp\/v2\/pages\/59289\/revisions\/84234"}],"wp:attachment":[{"href":"https:\/\/www.keyter.com\/de\/wp-json\/wp\/v2\/media?parent=59289"}],"curies":[{"name":"wp","href":"https:\/\/api.w.org\/{rel}","templated":true}]}}