{"id":42622,"date":"2022-02-11T10:29:32","date_gmt":"2022-02-11T10:29:32","guid":{"rendered":"https:\/\/www.keyter.com\/proyecto-hfo-oneida\/"},"modified":"2022-02-11T10:29:33","modified_gmt":"2022-02-11T10:29:33","slug":"proyecto-hfo-oneida","status":"publish","type":"page","link":"https:\/\/www.keyter.com\/es\/proyecto-hfo-oneida\/","title":{"rendered":"Proyecto HFO-ONEIDA"},"content":{"rendered":"\t\t<div data-elementor-type=\"wp-page\" data-elementor-id=\"42622\" class=\"elementor elementor-42622 elementor-42615\" data-elementor-post-type=\"page\">\n\t\t\t\t\t\t<section class=\"elementor-section elementor-top-section elementor-element elementor-element-35fb782 elementor-section-full_width elementor-section-stretched elementor-section-height-default elementor-section-height-default parallax_section_no qode_elementor_container_no\" data-id=\"35fb782\" data-element_type=\"section\" data-e-type=\"section\" data-settings=\"{&quot;background_background&quot;:&quot;classic&quot;,&quot;stretch_section&quot;:&quot;section-stretched&quot;}\">\n\t\t\t\t\t\t<div class=\"elementor-container elementor-column-gap-default\">\n\t\t\t\t\t<div class=\"elementor-column elementor-col-100 elementor-top-column elementor-element elementor-element-828a3ad\" data-id=\"828a3ad\" data-element_type=\"column\" data-e-type=\"column\">\n\t\t\t<div class=\"elementor-widget-wrap elementor-element-populated\">\n\t\t\t\t\t\t<section class=\"elementor-section elementor-inner-section elementor-element elementor-element-f8f03c9 elementor-section-boxed elementor-section-height-default elementor-section-height-default parallax_section_no qode_elementor_container_no\" data-id=\"f8f03c9\" data-element_type=\"section\" data-e-type=\"section\">\n\t\t\t\t\t\t<div class=\"elementor-container elementor-column-gap-default\">\n\t\t\t\t\t<div class=\"elementor-column elementor-col-100 elementor-inner-column elementor-element elementor-element-3584d49\" data-id=\"3584d49\" data-element_type=\"column\" data-e-type=\"column\">\n\t\t\t<div class=\"elementor-widget-wrap elementor-element-populated\">\n\t\t\t\t\t\t<div class=\"elementor-element elementor-element-3048b3f elementor-widget elementor-widget-menu-anchor\" data-id=\"3048b3f\" data-element_type=\"widget\" data-e-type=\"widget\" data-widget_type=\"menu-anchor.default\">\n\t\t\t\t<div class=\"elementor-widget-container\">\n\t\t\t\t\t\t\t<div class=\"elementor-menu-anchor\" id=\"noticias\"><\/div>\n\t\t\t\t\t\t<\/div>\n\t\t\t\t<\/div>\n\t\t\t\t<div class=\"elementor-element elementor-element-44a1c28 elementor-widget elementor-widget-spacer\" data-id=\"44a1c28\" data-element_type=\"widget\" data-e-type=\"widget\" data-widget_type=\"spacer.default\">\n\t\t\t\t<div class=\"elementor-widget-container\">\n\t\t\t\t\t\t\t<div class=\"elementor-spacer\">\n\t\t\t<div class=\"elementor-spacer-inner\"><\/div>\n\t\t<\/div>\n\t\t\t\t\t\t<\/div>\n\t\t\t\t<\/div>\n\t\t\t\t<div class=\"elementor-element elementor-element-57e52e4 elementor-widget elementor-widget-text-editor\" data-id=\"57e52e4\" data-element_type=\"widget\" data-e-type=\"widget\" data-widget_type=\"text-editor.default\">\n\t\t\t\t<div class=\"elementor-widget-container\">\n\t\t\t\t\t\t\t\t\t<p>NEWS \u2022 11.02.2022<\/p>\n\t\t\t\t\t\t\t\t<\/div>\n\t\t\t\t<\/div>\n\t\t\t\t<div class=\"elementor-element elementor-element-e9f4876 elementor-widget elementor-widget-image\" data-id=\"e9f4876\" data-element_type=\"widget\" data-e-type=\"widget\" data-widget_type=\"image.default\">\n\t\t\t\t<div class=\"elementor-widget-container\">\n\t\t\t\t\t\t\t\t\t\t\t\t\t\t\t<img decoding=\"async\" width=\"189\" height=\"9\" src=\"https:\/\/www.keyter.com\/wp-content\/uploads\/2020\/11\/line-leaf-single-right.svg\" class=\"attachment-medium_large size-medium_large wp-image-31456\" alt=\"\" \/>\t\t\t\t\t\t\t\t\t\t\t\t\t\t\t<\/div>\n\t\t\t\t<\/div>\n\t\t\t\t<div class=\"elementor-element elementor-element-0cab9e3 elementor-widget elementor-widget-text-editor\" data-id=\"0cab9e3\" data-element_type=\"widget\" data-e-type=\"widget\" data-widget_type=\"text-editor.default\">\n\t\t\t\t<div class=\"elementor-widget-container\">\n\t\t\t\t\t\t\t\t\t<h4 style=\"font-size: 40px;\"><strong>PROYECTO <\/strong><strong>HFO-ONEIDA by KEYTER<\/strong><\/h4>\n\t\t\t\t\t\t\t\t<\/div>\n\t\t\t\t<\/div>\n\t\t\t\t<div class=\"elementor-element elementor-element-a352e46 elementor-widget elementor-widget-text-editor\" data-id=\"a352e46\" data-element_type=\"widget\" data-e-type=\"widget\" data-widget_type=\"text-editor.default\">\n\t\t\t\t<div class=\"elementor-widget-container\">\n\t\t\t\t\t\t\t\t\t<p><span style=\"color: var( --e-global-color-text );\">Se ha recibido un incentivo de la Agencia de Innovaci\u00f3n y Desarrollo de Andaluc\u00eda IDEA, de la Junta de Andaluc\u00eda, por un importe de 69.273,99 \u20ac, cofinanciado en un 80% por la Uni\u00f3n Europea a trav\u00e9s del Fondo Europeo de Desarrollo Regional, FEDER para la realizaci\u00f3n del proyecto HFO-ONEIDA con el objetivo de <strong>Promover el desarrollo tecnol\u00f3gico, la innovaci\u00f3n y una investigaci\u00f3n de calidad<\/strong>.<\/span><\/p>\n<p>El proyecto HFO Organic fluid New Energy-efficient InDustrial Appliances (HFO-ONEIDA). Trata del Desarrollo y la investigaci\u00f3n de equipos de climatizaci\u00f3n con refrigerantes HFO. Los gases refrigerantes hidrofluorolefinas (HFO), son considerados la 4\u00aa generaci\u00f3n de gases refrigerantes fluorados (GF). Con un potencial de agotamiento de ozono (PAO) igual a cero y bajo potencial de calentamiento global (PCG) son las soluciones de menor impacto ambiental de los gases fluorados. Los HFO son compuestos formados por \u00e1tomos de hidr\u00f3geno, fl\u00faor, y carbono.<\/p>\n<p>Este tipo de equipos hace que Keyter entre en el mercado con un producto novedoso y ecol\u00f3gico, para adaptarse a las nuevas normativas Europeas de F-Gas y Reglamento de Seguridad para Instalaciones Frigor\u00edficas.<\/p>\n\t\t\t\t\t\t\t\t<\/div>\n\t\t\t\t<\/div>\n\t\t\t\t<div class=\"elementor-element elementor-element-a18cb73 elementor-widget elementor-widget-image\" data-id=\"a18cb73\" data-element_type=\"widget\" data-e-type=\"widget\" data-widget_type=\"image.default\">\n\t\t\t\t<div class=\"elementor-widget-container\">\n\t\t\t\t\t\t\t\t\t\t\t\t\t\t\t<img fetchpriority=\"high\" decoding=\"async\" width=\"905\" height=\"508\" src=\"https:\/\/www.keyter.com\/wp-content\/uploads\/2022\/02\/HFO.png\" class=\"attachment-large size-large wp-image-42618\" alt=\"\" srcset=\"https:\/\/www.keyter.com\/wp-content\/uploads\/2022\/02\/HFO.png 905w, https:\/\/www.keyter.com\/wp-content\/uploads\/2022\/02\/HFO-300x168.png 300w, https:\/\/www.keyter.com\/wp-content\/uploads\/2022\/02\/HFO-768x431.png 768w, https:\/\/www.keyter.com\/wp-content\/uploads\/2022\/02\/HFO-700x393.png 700w, https:\/\/www.keyter.com\/wp-content\/uploads\/2022\/02\/HFO-539x303.png 539w\" sizes=\"(max-width: 905px) 100vw, 905px\" \/>\t\t\t\t\t\t\t\t\t\t\t\t\t\t\t<\/div>\n\t\t\t\t<\/div>\n\t\t\t\t<div class=\"elementor-element elementor-element-e31bb3d elementor-widget elementor-widget-spacer\" data-id=\"e31bb3d\" data-element_type=\"widget\" data-e-type=\"widget\" data-widget_type=\"spacer.default\">\n\t\t\t\t<div class=\"elementor-widget-container\">\n\t\t\t\t\t\t\t<div class=\"elementor-spacer\">\n\t\t\t<div class=\"elementor-spacer-inner\"><\/div>\n\t\t<\/div>\n\t\t\t\t\t\t<\/div>\n\t\t\t\t<\/div>\n\t\t\t\t\t<\/div>\n\t\t<\/div>\n\t\t\t\t\t<\/div>\n\t\t<\/section>\n\t\t\t\t\t<\/div>\n\t\t<\/div>\n\t\t\t\t\t<\/div>\n\t\t<\/section>\n\t\t\t\t<section class=\"elementor-section elementor-top-section elementor-element elementor-element-e6d3e95 elementor-section-full_width elementor-section-height-min-height elementor-section-stretched elementor-section-height-default elementor-section-items-middle parallax_section_no qode_elementor_container_no\" data-id=\"e6d3e95\" data-element_type=\"section\" data-e-type=\"section\" data-settings=\"{&quot;background_background&quot;:&quot;classic&quot;,&quot;stretch_section&quot;:&quot;section-stretched&quot;}\">\n\t\t\t\t\t\t\t<div class=\"elementor-background-overlay\"><\/div>\n\t\t\t\t\t\t\t<div class=\"elementor-container elementor-column-gap-default\">\n\t\t\t\t\t<div class=\"elementor-column elementor-col-100 elementor-top-column elementor-element elementor-element-e5735e8\" data-id=\"e5735e8\" data-element_type=\"column\" data-e-type=\"column\">\n\t\t\t<div class=\"elementor-widget-wrap elementor-element-populated\">\n\t\t\t\t\t\t<div class=\"elementor-element elementor-element-51fa38a elementor-widget elementor-widget-heading\" data-id=\"51fa38a\" data-element_type=\"widget\" data-e-type=\"widget\" data-widget_type=\"heading.default\">\n\t\t\t\t<div class=\"elementor-widget-container\">\n\t\t\t\t\t<p class=\"elementor-heading-title elementor-size-default\">M\u00e1s noticias<\/p>\t\t\t\t<\/div>\n\t\t\t\t<\/div>\n\t\t\t\t<div class=\"elementor-element elementor-element-6c75f5b elementor-widget elementor-widget-text-editor\" data-id=\"6c75f5b\" data-element_type=\"widget\" data-e-type=\"widget\" data-widget_type=\"text-editor.default\">\n\t\t\t\t<div class=\"elementor-widget-container\">\n\t\t\t\t\t\t\t\t\t<p>\u00bfTe interesan nuestras noticias, art\u00edculos y actualizaciones? L\u00e9alas todas y mant\u00e9ngase al d\u00eda.<\/p>\n\t\t\t\t\t\t\t\t<\/div>\n\t\t\t\t<\/div>\n\t\t\t\t<div class=\"elementor-element elementor-element-1d10584 elementor-align-center elementor-widget elementor-widget-button\" data-id=\"1d10584\" data-element_type=\"widget\" data-e-type=\"widget\" data-widget_type=\"button.default\">\n\t\t\t\t<div class=\"elementor-widget-container\">\n\t\t\t\t\t\t\t\t\t<div class=\"elementor-button-wrapper\">\n\t\t\t\t\t<a class=\"elementor-button elementor-button-link elementor-size-sm\" href=\"https:\/\/www.keyter.com\/es\/noticias\/\">\n\t\t\t\t\t\t<span class=\"elementor-button-content-wrapper\">\n\t\t\t\t\t\t<span class=\"elementor-button-icon\">\n\t\t\t\t<i aria-hidden=\"true\" class=\"fas fa-arrow-circle-right\"><\/i>\t\t\t<\/span>\n\t\t\t\t\t\t\t\t\t<span class=\"elementor-button-text\"> NOTICIAS<\/span>\n\t\t\t\t\t<\/span>\n\t\t\t\t\t<\/a>\n\t\t\t\t<\/div>\n\t\t\t\t\t\t\t\t<\/div>\n\t\t\t\t<\/div>\n\t\t\t\t\t<\/div>\n\t\t<\/div>\n\t\t\t\t\t<\/div>\n\t\t<\/section>\n\t\t\t\t<section class=\"elementor-section elementor-top-section elementor-element elementor-element-cfb5775 elementor-section-full_width elementor-section-height-min-height elementor-section-stretched elementor-section-height-default elementor-section-items-middle parallax_section_no qode_elementor_container_no\" data-id=\"cfb5775\" data-element_type=\"section\" data-e-type=\"section\" data-settings=\"{&quot;background_background&quot;:&quot;classic&quot;,&quot;stretch_section&quot;:&quot;section-stretched&quot;}\">\n\t\t\t\t\t\t\t<div class=\"elementor-background-overlay\"><\/div>\n\t\t\t\t\t\t\t<div class=\"elementor-container elementor-column-gap-default\">\n\t\t\t\t\t<div class=\"elementor-column elementor-col-100 elementor-top-column elementor-element elementor-element-fec5411\" data-id=\"fec5411\" data-element_type=\"column\" data-e-type=\"column\">\n\t\t\t<div class=\"elementor-widget-wrap elementor-element-populated\">\n\t\t\t\t\t\t<div class=\"elementor-element elementor-element-c0d933e elementor-widget elementor-widget-text-editor\" data-id=\"c0d933e\" data-element_type=\"widget\" data-e-type=\"widget\" data-widget_type=\"text-editor.default\">\n\t\t\t\t<div class=\"elementor-widget-container\">\n\t\t\t\t\t\t\t\t\t<p>M\u00c1S SOBRE KEYTER<\/p>\n\t\t\t\t\t\t\t\t<\/div>\n\t\t\t\t<\/div>\n\t\t\t\t<div class=\"elementor-element elementor-element-2c4d122 elementor-widget elementor-widget-text-editor\" data-id=\"2c4d122\" data-element_type=\"widget\" data-e-type=\"widget\" data-widget_type=\"text-editor.default\">\n\t\t\t\t<div class=\"elementor-widget-container\">\n\t\t\t\t\t\t\t\t\t<h4 style=\"font-size: 40px;\">\u00bfEn qu\u00e9 est\u00e1s interesado?<\/h4>\n\t\t\t\t\t\t\t\t<\/div>\n\t\t\t\t<\/div>\n\t\t\t\t<div class=\"elementor-element elementor-element-b01f76b elementor-widget elementor-widget-image\" data-id=\"b01f76b\" data-element_type=\"widget\" data-e-type=\"widget\" data-widget_type=\"image.default\">\n\t\t\t\t<div class=\"elementor-widget-container\">\n\t\t\t\t\t\t\t\t\t\t\t\t\t\t\t<img decoding=\"async\" width=\"369\" height=\"9\" src=\"https:\/\/www.keyter.com\/wp-content\/uploads\/2020\/10\/line-leaf.svg\" class=\"attachment-medium size-medium wp-image-45826\" alt=\"\" \/>\t\t\t\t\t\t\t\t\t\t\t\t\t\t\t<\/div>\n\t\t\t\t<\/div>\n\t\t\t\t<section class=\"elementor-section elementor-inner-section elementor-element elementor-element-c68b7cb elementor-section-boxed elementor-section-height-default elementor-section-height-default parallax_section_no qode_elementor_container_no\" data-id=\"c68b7cb\" data-element_type=\"section\" data-e-type=\"section\">\n\t\t\t\t\t\t<div class=\"elementor-container elementor-column-gap-default\">\n\t\t\t\t\t<div class=\"elementor-column elementor-col-25 elementor-inner-column elementor-element elementor-element-6cf4743\" data-id=\"6cf4743\" data-element_type=\"column\" data-e-type=\"column\">\n\t\t\t<div class=\"elementor-widget-wrap elementor-element-populated\">\n\t\t\t\t\t\t<div class=\"elementor-element elementor-element-309be93 elementor-align-center elementor-widget elementor-widget-button\" data-id=\"309be93\" data-element_type=\"widget\" data-e-type=\"widget\" data-widget_type=\"button.default\">\n\t\t\t\t<div class=\"elementor-widget-container\">\n\t\t\t\t\t\t\t\t\t<div class=\"elementor-button-wrapper\">\n\t\t\t\t\t<a class=\"elementor-button elementor-button-link elementor-size-sm\" href=\"https:\/\/www.keyter.com\/es\/nuestra-historia\/\">\n\t\t\t\t\t\t<span class=\"elementor-button-content-wrapper\">\n\t\t\t\t\t\t<span class=\"elementor-button-icon\">\n\t\t\t\t<i aria-hidden=\"true\" class=\"fas fa-arrow-circle-right\"><\/i>\t\t\t<\/span>\n\t\t\t\t\t\t\t\t\t<span class=\"elementor-button-text\">NUESTRA HISTORIA<\/span>\n\t\t\t\t\t<\/span>\n\t\t\t\t\t<\/a>\n\t\t\t\t<\/div>\n\t\t\t\t\t\t\t\t<\/div>\n\t\t\t\t<\/div>\n\t\t\t\t\t<\/div>\n\t\t<\/div>\n\t\t\t\t<div class=\"elementor-column elementor-col-25 elementor-inner-column elementor-element elementor-element-e563b17\" data-id=\"e563b17\" data-element_type=\"column\" data-e-type=\"column\">\n\t\t\t<div class=\"elementor-widget-wrap elementor-element-populated\">\n\t\t\t\t\t\t<div class=\"elementor-element elementor-element-bdead2d elementor-align-center elementor-widget elementor-widget-button\" data-id=\"bdead2d\" data-element_type=\"widget\" data-e-type=\"widget\" data-widget_type=\"button.default\">\n\t\t\t\t<div class=\"elementor-widget-container\">\n\t\t\t\t\t\t\t\t\t<div class=\"elementor-button-wrapper\">\n\t\t\t\t\t<a class=\"elementor-button elementor-button-link elementor-size-sm\" href=\"https:\/\/www.keyter.com\/es\/productos\/\">\n\t\t\t\t\t\t<span class=\"elementor-button-content-wrapper\">\n\t\t\t\t\t\t<span class=\"elementor-button-icon\">\n\t\t\t\t<i aria-hidden=\"true\" class=\"fas fa-arrow-circle-right\"><\/i>\t\t\t<\/span>\n\t\t\t\t\t\t\t\t\t<span class=\"elementor-button-text\">PRODUCTOS<\/span>\n\t\t\t\t\t<\/span>\n\t\t\t\t\t<\/a>\n\t\t\t\t<\/div>\n\t\t\t\t\t\t\t\t<\/div>\n\t\t\t\t<\/div>\n\t\t\t\t\t<\/div>\n\t\t<\/div>\n\t\t\t\t<div class=\"elementor-column elementor-col-25 elementor-inner-column elementor-element elementor-element-a04405f\" data-id=\"a04405f\" data-element_type=\"column\" data-e-type=\"column\">\n\t\t\t<div class=\"elementor-widget-wrap elementor-element-populated\">\n\t\t\t\t\t\t<div class=\"elementor-element elementor-element-40e6c4b elementor-align-center elementor-widget elementor-widget-button\" data-id=\"40e6c4b\" data-element_type=\"widget\" data-e-type=\"widget\" data-widget_type=\"button.default\">\n\t\t\t\t<div class=\"elementor-widget-container\">\n\t\t\t\t\t\t\t\t\t<div class=\"elementor-button-wrapper\">\n\t\t\t\t\t<a class=\"elementor-button elementor-button-link elementor-size-sm\" href=\"https:\/\/www.keyter.com\/es\/referencias\/\">\n\t\t\t\t\t\t<span class=\"elementor-button-content-wrapper\">\n\t\t\t\t\t\t<span class=\"elementor-button-icon\">\n\t\t\t\t<i aria-hidden=\"true\" class=\"fas fa-arrow-circle-right\"><\/i>\t\t\t<\/span>\n\t\t\t\t\t\t\t\t\t<span class=\"elementor-button-text\">REFERENCIAS<\/span>\n\t\t\t\t\t<\/span>\n\t\t\t\t\t<\/a>\n\t\t\t\t<\/div>\n\t\t\t\t\t\t\t\t<\/div>\n\t\t\t\t<\/div>\n\t\t\t\t\t<\/div>\n\t\t<\/div>\n\t\t\t\t<div class=\"elementor-column elementor-col-25 elementor-inner-column elementor-element elementor-element-cd597c5\" data-id=\"cd597c5\" data-element_type=\"column\" data-e-type=\"column\">\n\t\t\t<div class=\"elementor-widget-wrap elementor-element-populated\">\n\t\t\t\t\t\t<div class=\"elementor-element elementor-element-eddf82c elementor-align-center elementor-widget elementor-widget-button\" data-id=\"eddf82c\" data-element_type=\"widget\" data-e-type=\"widget\" data-widget_type=\"button.default\">\n\t\t\t\t<div class=\"elementor-widget-container\">\n\t\t\t\t\t\t\t\t\t<div class=\"elementor-button-wrapper\">\n\t\t\t\t\t<a class=\"elementor-button elementor-button-link elementor-size-sm\" href=\"https:\/\/www.keyter.com\/es\/empleo\/\">\n\t\t\t\t\t\t<span class=\"elementor-button-content-wrapper\">\n\t\t\t\t\t\t<span class=\"elementor-button-icon\">\n\t\t\t\t<i aria-hidden=\"true\" class=\"fas fa-arrow-circle-right\"><\/i>\t\t\t<\/span>\n\t\t\t\t\t\t\t\t\t<span class=\"elementor-button-text\">TRABAJA CON NOSOTROS<\/span>\n\t\t\t\t\t<\/span>\n\t\t\t\t\t<\/a>\n\t\t\t\t<\/div>\n\t\t\t\t\t\t\t\t<\/div>\n\t\t\t\t<\/div>\n\t\t\t\t\t<\/div>\n\t\t<\/div>\n\t\t\t\t\t<\/div>\n\t\t<\/section>\n\t\t\t\t\t<\/div>\n\t\t<\/div>\n\t\t\t\t\t<\/div>\n\t\t<\/section>\n\t\t\t\t<\/div>\n\t\t","protected":false},"excerpt":{"rendered":"<p>NEWS \u2022 11.02.2022 PROYECTO HFO-ONEIDA by KEYTER Se ha recibido un incentivo de la Agencia de Innovaci\u00f3n y Desarrollo de Andaluc\u00eda IDEA, de la Junta de Andaluc\u00eda, por un importe de 69.273,99 \u20ac, cofinanciado en un 80% por la Uni\u00f3n Europea a trav\u00e9s del Fondo&#8230;<\/p>\n","protected":false},"author":3,"featured_media":0,"parent":0,"menu_order":0,"comment_status":"open","ping_status":"open","template":"","meta":{"content-type":"","inline_featured_image":false,"footnotes":""},"class_list":["post-42622","page","type-page","status-publish","hentry"],"yoast_head":"<!-- This site is optimized with the Yoast SEO plugin v27.3 - https:\/\/yoast.com\/product\/yoast-seo-wordpress\/ -->\n<title>Proyecto HFO-ONEIDA - Keyter<\/title>\n<meta name=\"robots\" content=\"index, follow, max-snippet:-1, max-image-preview:large, max-video-preview:-1\" \/>\n<link rel=\"canonical\" href=\"https:\/\/www.keyter.com\/es\/proyecto-hfo-oneida\/\" \/>\n<meta property=\"og:locale\" content=\"es_ES\" \/>\n<meta property=\"og:type\" content=\"article\" \/>\n<meta property=\"og:title\" content=\"Proyecto HFO-ONEIDA - Keyter\" \/>\n<meta property=\"og:description\" content=\"NEWS \u2022 11.02.2022 PROYECTO HFO-ONEIDA by KEYTER Se ha recibido un incentivo de la Agencia de Innovaci\u00f3n y Desarrollo de Andaluc\u00eda IDEA, de la Junta de Andaluc\u00eda, por un importe de 69.273,99 \u20ac, cofinanciado en un 80% por la Uni\u00f3n Europea a trav\u00e9s del Fondo...\" \/>\n<meta property=\"og:url\" content=\"https:\/\/www.keyter.com\/es\/proyecto-hfo-oneida\/\" \/>\n<meta property=\"og:site_name\" content=\"Keyter\" \/>\n<meta property=\"article:modified_time\" content=\"2022-02-11T10:29:33+00:00\" \/>\n<meta property=\"og:image\" content=\"https:\/\/www.keyter.com\/wp-content\/uploads\/2020\/11\/line-leaf-single-right.svg\" \/>\n<meta name=\"twitter:card\" content=\"summary_large_image\" \/>\n<meta name=\"twitter:label1\" content=\"Tiempo de lectura\" \/>\n\t<meta name=\"twitter:data1\" content=\"1 minuto\" \/>\n<script type=\"application\/ld+json\" class=\"yoast-schema-graph\">{\"@context\":\"https:\\\/\\\/schema.org\",\"@graph\":[{\"@type\":\"WebPage\",\"@id\":\"https:\\\/\\\/www.keyter.com\\\/es\\\/proyecto-hfo-oneida\\\/\",\"url\":\"https:\\\/\\\/www.keyter.com\\\/es\\\/proyecto-hfo-oneida\\\/\",\"name\":\"Proyecto HFO-ONEIDA - Keyter\",\"isPartOf\":{\"@id\":\"https:\\\/\\\/www.keyter.com\\\/es\\\/#website\"},\"primaryImageOfPage\":{\"@id\":\"https:\\\/\\\/www.keyter.com\\\/es\\\/proyecto-hfo-oneida\\\/#primaryimage\"},\"image\":{\"@id\":\"https:\\\/\\\/www.keyter.com\\\/es\\\/proyecto-hfo-oneida\\\/#primaryimage\"},\"thumbnailUrl\":\"https:\\\/\\\/www.keyter.com\\\/wp-content\\\/uploads\\\/2020\\\/11\\\/line-leaf-single-right.svg\",\"datePublished\":\"2022-02-11T10:29:32+00:00\",\"dateModified\":\"2022-02-11T10:29:33+00:00\",\"breadcrumb\":{\"@id\":\"https:\\\/\\\/www.keyter.com\\\/es\\\/proyecto-hfo-oneida\\\/#breadcrumb\"},\"inLanguage\":\"es\",\"potentialAction\":[{\"@type\":\"ReadAction\",\"target\":[\"https:\\\/\\\/www.keyter.com\\\/es\\\/proyecto-hfo-oneida\\\/\"]}]},{\"@type\":\"ImageObject\",\"inLanguage\":\"es\",\"@id\":\"https:\\\/\\\/www.keyter.com\\\/es\\\/proyecto-hfo-oneida\\\/#primaryimage\",\"url\":\"https:\\\/\\\/www.keyter.com\\\/wp-content\\\/uploads\\\/2020\\\/11\\\/line-leaf-single-right.svg\",\"contentUrl\":\"https:\\\/\\\/www.keyter.com\\\/wp-content\\\/uploads\\\/2020\\\/11\\\/line-leaf-single-right.svg\"},{\"@type\":\"BreadcrumbList\",\"@id\":\"https:\\\/\\\/www.keyter.com\\\/es\\\/proyecto-hfo-oneida\\\/#breadcrumb\",\"itemListElement\":[{\"@type\":\"ListItem\",\"position\":1,\"name\":\"Home\",\"item\":\"https:\\\/\\\/www.keyter.com\\\/es\\\/\"},{\"@type\":\"ListItem\",\"position\":2,\"name\":\"Proyecto HFO-ONEIDA\"}]},{\"@type\":\"WebSite\",\"@id\":\"https:\\\/\\\/www.keyter.com\\\/es\\\/#website\",\"url\":\"https:\\\/\\\/www.keyter.com\\\/es\\\/\",\"name\":\"Keyter\",\"description\":\"Leading thermodynamic technologies\",\"potentialAction\":[{\"@type\":\"SearchAction\",\"target\":{\"@type\":\"EntryPoint\",\"urlTemplate\":\"https:\\\/\\\/www.keyter.com\\\/es\\\/?s={search_term_string}\"},\"query-input\":{\"@type\":\"PropertyValueSpecification\",\"valueRequired\":true,\"valueName\":\"search_term_string\"}}],\"inLanguage\":\"es\"}]}<\/script>\n<!-- \/ Yoast SEO plugin. -->","yoast_head_json":{"title":"Proyecto HFO-ONEIDA - Keyter","robots":{"index":"index","follow":"follow","max-snippet":"max-snippet:-1","max-image-preview":"max-image-preview:large","max-video-preview":"max-video-preview:-1"},"canonical":"https:\/\/www.keyter.com\/es\/proyecto-hfo-oneida\/","og_locale":"es_ES","og_type":"article","og_title":"Proyecto HFO-ONEIDA - Keyter","og_description":"NEWS \u2022 11.02.2022 PROYECTO HFO-ONEIDA by KEYTER Se ha recibido un incentivo de la Agencia de Innovaci\u00f3n y Desarrollo de Andaluc\u00eda IDEA, de la Junta de Andaluc\u00eda, por un importe de 69.273,99 \u20ac, cofinanciado en un 80% por la Uni\u00f3n Europea a trav\u00e9s del Fondo...","og_url":"https:\/\/www.keyter.com\/es\/proyecto-hfo-oneida\/","og_site_name":"Keyter","article_modified_time":"2022-02-11T10:29:33+00:00","og_image":[{"url":"https:\/\/www.keyter.com\/wp-content\/uploads\/2020\/11\/line-leaf-single-right.svg","type":"","width":"","height":""}],"twitter_card":"summary_large_image","twitter_misc":{"Tiempo de lectura":"1 minuto"},"schema":{"@context":"https:\/\/schema.org","@graph":[{"@type":"WebPage","@id":"https:\/\/www.keyter.com\/es\/proyecto-hfo-oneida\/","url":"https:\/\/www.keyter.com\/es\/proyecto-hfo-oneida\/","name":"Proyecto HFO-ONEIDA - Keyter","isPartOf":{"@id":"https:\/\/www.keyter.com\/es\/#website"},"primaryImageOfPage":{"@id":"https:\/\/www.keyter.com\/es\/proyecto-hfo-oneida\/#primaryimage"},"image":{"@id":"https:\/\/www.keyter.com\/es\/proyecto-hfo-oneida\/#primaryimage"},"thumbnailUrl":"https:\/\/www.keyter.com\/wp-content\/uploads\/2020\/11\/line-leaf-single-right.svg","datePublished":"2022-02-11T10:29:32+00:00","dateModified":"2022-02-11T10:29:33+00:00","breadcrumb":{"@id":"https:\/\/www.keyter.com\/es\/proyecto-hfo-oneida\/#breadcrumb"},"inLanguage":"es","potentialAction":[{"@type":"ReadAction","target":["https:\/\/www.keyter.com\/es\/proyecto-hfo-oneida\/"]}]},{"@type":"ImageObject","inLanguage":"es","@id":"https:\/\/www.keyter.com\/es\/proyecto-hfo-oneida\/#primaryimage","url":"https:\/\/www.keyter.com\/wp-content\/uploads\/2020\/11\/line-leaf-single-right.svg","contentUrl":"https:\/\/www.keyter.com\/wp-content\/uploads\/2020\/11\/line-leaf-single-right.svg"},{"@type":"BreadcrumbList","@id":"https:\/\/www.keyter.com\/es\/proyecto-hfo-oneida\/#breadcrumb","itemListElement":[{"@type":"ListItem","position":1,"name":"Home","item":"https:\/\/www.keyter.com\/es\/"},{"@type":"ListItem","position":2,"name":"Proyecto HFO-ONEIDA"}]},{"@type":"WebSite","@id":"https:\/\/www.keyter.com\/es\/#website","url":"https:\/\/www.keyter.com\/es\/","name":"Keyter","description":"Leading thermodynamic technologies","potentialAction":[{"@type":"SearchAction","target":{"@type":"EntryPoint","urlTemplate":"https:\/\/www.keyter.com\/es\/?s={search_term_string}"},"query-input":{"@type":"PropertyValueSpecification","valueRequired":true,"valueName":"search_term_string"}}],"inLanguage":"es"}]}},"_links":{"self":[{"href":"https:\/\/www.keyter.com\/es\/wp-json\/wp\/v2\/pages\/42622","targetHints":{"allow":["GET"]}}],"collection":[{"href":"https:\/\/www.keyter.com\/es\/wp-json\/wp\/v2\/pages"}],"about":[{"href":"https:\/\/www.keyter.com\/es\/wp-json\/wp\/v2\/types\/page"}],"author":[{"embeddable":true,"href":"https:\/\/www.keyter.com\/es\/wp-json\/wp\/v2\/users\/3"}],"replies":[{"embeddable":true,"href":"https:\/\/www.keyter.com\/es\/wp-json\/wp\/v2\/comments?post=42622"}],"version-history":[{"count":1,"href":"https:\/\/www.keyter.com\/es\/wp-json\/wp\/v2\/pages\/42622\/revisions"}],"predecessor-version":[{"id":42623,"href":"https:\/\/www.keyter.com\/es\/wp-json\/wp\/v2\/pages\/42622\/revisions\/42623"}],"wp:attachment":[{"href":"https:\/\/www.keyter.com\/es\/wp-json\/wp\/v2\/media?parent=42622"}],"curies":[{"name":"wp","href":"https:\/\/api.w.org\/{rel}","templated":true}]}}